{"id":42,"date":"2021-04-08T15:37:54","date_gmt":"2021-04-08T15:37:54","guid":{"rendered":"https:\/\/buslugo.com\/?page_id=42"},"modified":"2021-08-10T07:53:25","modified_gmt":"2021-08-10T07:53:25","slug":"acercade","status":"publish","type":"page","link":"https:\/\/buslugo.com\/en\/acercade\/","title":{"rendered":"About buslugo.com"},"content":{"rendered":"<p><\/p>\n<p style=\"text-align: center;\"><a title=\"buslugo.com\" href=\"http:\/\/buslugo.com\/\">buslugo.com<\/a> es un proyecto independiente con informaci\u00f3n sobre el bus urbano en la ciudad de Lugo.<\/p>\n<p style=\"text-align: center;\"><a title=\"buslugo.com\" href=\"http:\/\/buslugo.com\/\">buslugo.com<\/a> no depende de ninguna administraci\u00f3n y se nutre \u00fanica y exclusivamente de la informaci\u00f3n p\u00fablica existente sobre las l\u00edneas y horarios del bus urbano en Lugo.<\/p>\n<p style=\"text-align: center;\">Cualquier correcci\u00f3n, duda o sugerencia puede enviarse a nuestro buz\u00f3n de correo <a href=\"mailto:contacto@buslugo.com\">contacto@buslugo.com<\/a> o a trav\u00e9s de nuestro <a title=\"contacto\" href=\"\/contacto\">formulario de contacto<\/a>.<\/p>\n<div class=\"col-md-12 col-sm-12 col-xs-12\" style=\"text-align: center;\">\n<p>Developed by<\/p>\n<p><a href=\"https:\/\/apsred.com\/\" target=\"_blank\" rel=\"noopener\"><img decoding=\"async\" title=\"APS\" src=\"\/wp-content\/uploads\/2021\/04\/logo_aps.jpg\" width=\"100\" \/><\/a><\/p>\n<\/div>\n<p><\/p>","protected":false},"excerpt":{"rendered":"<p>buslugo.com es un proyecto independiente con informaci\u00f3n sobre el bus urbano en la ciudad de Lugo. buslugo.com no depende de ninguna administraci\u00f3n y se nutre \u00fanica y exclusivamente de la informaci\u00f3n p\u00fablica existente sobre las l\u00edneas y horarios del bus urbano en Lugo. Cualquier correcci\u00f3n, duda o sugerencia puede enviarse a nuestro buz\u00f3n de correo [&hellip;]<\/p>\n","protected":false},"author":1,"featured_media":0,"parent":0,"menu_order":0,"comment_status":"closed","ping_status":"closed","template":"","meta":{"footnotes":""},"class_list":["post-42","page","type-page","status-publish","hentry"],"_links":{"self":[{"href":"https:\/\/buslugo.com\/en\/wp-json\/wp\/v2\/pages\/42","targetHints":{"allow":["GET"]}}],"collection":[{"href":"https:\/\/buslugo.com\/en\/wp-json\/wp\/v2\/pages"}],"about":[{"href":"https:\/\/buslugo.com\/en\/wp-json\/wp\/v2\/types\/page"}],"author":[{"embeddable":true,"href":"https:\/\/buslugo.com\/en\/wp-json\/wp\/v2\/users\/1"}],"replies":[{"embeddable":true,"href":"https:\/\/buslugo.com\/en\/wp-json\/wp\/v2\/comments?post=42"}],"version-history":[{"count":8,"href":"https:\/\/buslugo.com\/en\/wp-json\/wp\/v2\/pages\/42\/revisions"}],"predecessor-version":[{"id":194,"href":"https:\/\/buslugo.com\/en\/wp-json\/wp\/v2\/pages\/42\/revisions\/194"}],"wp:attachment":[{"href":"https:\/\/buslugo.com\/en\/wp-json\/wp\/v2\/media?parent=42"}],"curies":[{"name":"wp","href":"https:\/\/api.w.org\/{rel}","templated":true}]}}