{"id":14,"date":"2021-04-05T19:24:07","date_gmt":"2021-04-05T19:24:07","guid":{"rendered":"https:\/\/buslugo.com\/?page_id=14"},"modified":"2025-11-16T17:51:20","modified_gmt":"2025-11-16T17:51:20","slug":"inicio","status":"publish","type":"page","link":"https:\/\/buslugo.com\/gl\/","title":{"rendered":"Inicio"},"content":{"rendered":"<p><\/p>\n<div class=\"col-md-12 col-sm-12 col-xs-12\" style=\"text-align: center;\">\n<p>&nbsp;<\/p>\n<p><a href=\"\/lineas\"><button class=\"btn btn-round btn-primary\" type=\"button\"> Consulta de li\u00f1as<\/button><\/a> <a href=\"\/normativa\"><button class=\"btn btn-round btn-primary\" type=\"button\"><i class=\"fa fa-file-text\"><\/i> Normativa<\/button><\/a> <a href=\"\/tarifas\"><button class=\"btn btn-round btn-primary\" type=\"button\"><i class=\"fa fa-eur\"><\/i> Taxas<\/button><\/a><\/p>\n<p>&nbsp;<\/p>\n<p><a href=\"acercade\"><button class=\"btn btn-round btn-warning btn-xs\" type=\"button\"><i class=\"fa fa-info-circle\"><\/i> Sobre buslugo.com<\/button><\/a><\/p>\n<p>&nbsp;<\/p>\n<p>Encontrache alg\u00fan dato err\u00f3neo? Alg\u00fan horario non \u00e9 correcto?<br \/>\n<u><a href=\"\/contacto\">Cont\u00e1ctanos<\/a><\/u><\/p>\n<\/div>\n<div class=\"col-md-12 col-sm-12 col-xs-12\" style=\"text-align: center;\">\n<p>&nbsp;<\/p>\n<p>Desenvolto por<\/p>\n<p><a href=\"https:\/\/apsred.com\" target=\"_blank\" rel=\"noopener\"><img decoding=\"async\" title=\"APS\" src=\"\/wp-content\/uploads\/2021\/04\/logo_aps.jpg\" width=\"100\" \/><\/a><\/p>\n<\/div>\n<p><\/p>","protected":false},"excerpt":{"rendered":"<p>&nbsp; Consulta de li\u00f1as Normativa Taxas &nbsp; Sobre buslugo.com &nbsp; Encontrache alg\u00fan dato err\u00f3neo? Alg\u00fan horario non \u00e9 correcto? Cont\u00e1ctanos &nbsp; Desenvolto por<\/p>\n","protected":false},"author":1,"featured_media":0,"parent":0,"menu_order":0,"comment_status":"closed","ping_status":"closed","template":"","meta":{"footnotes":""},"class_list":["post-14","page","type-page","status-publish","hentry"],"_links":{"self":[{"href":"https:\/\/buslugo.com\/gl\/wp-json\/wp\/v2\/pages\/14","targetHints":{"allow":["GET"]}}],"collection":[{"href":"https:\/\/buslugo.com\/gl\/wp-json\/wp\/v2\/pages"}],"about":[{"href":"https:\/\/buslugo.com\/gl\/wp-json\/wp\/v2\/types\/page"}],"author":[{"embeddable":true,"href":"https:\/\/buslugo.com\/gl\/wp-json\/wp\/v2\/users\/1"}],"replies":[{"embeddable":true,"href":"https:\/\/buslugo.com\/gl\/wp-json\/wp\/v2\/comments?post=14"}],"version-history":[{"count":91,"href":"https:\/\/buslugo.com\/gl\/wp-json\/wp\/v2\/pages\/14\/revisions"}],"predecessor-version":[{"id":839,"href":"https:\/\/buslugo.com\/gl\/wp-json\/wp\/v2\/pages\/14\/revisions\/839"}],"wp:attachment":[{"href":"https:\/\/buslugo.com\/gl\/wp-json\/wp\/v2\/media?parent=14"}],"curies":[{"name":"wp","href":"https:\/\/api.w.org\/{rel}","templated":true}]}}