{"id":20,"date":"2021-04-08T14:00:09","date_gmt":"2021-04-08T14:00:09","guid":{"rendered":"https:\/\/buslugo.com\/?page_id=20"},"modified":"2025-09-16T06:59:24","modified_gmt":"2025-09-16T06:59:24","slug":"tarifas","status":"publish","type":"page","link":"https:\/\/buslugo.com\/gl\/tarifas\/","title":{"rendered":"Tarifas Autob\u00fas Urbano Lugo"},"content":{"rendered":"<p>&nbsp;<\/p>\n<table class=\"table table-striped\">\n<thead>\n<tr>\n<th><\/th>\n<th>Tipo Billete<\/th>\n<th>Prezo<\/th>\n<th><\/th>\n<\/tr>\n<\/thead>\n<tbody>\n<tr>\n<th scope=\"row\"><\/th>\n<td>Billete ordinario<\/td>\n<td>0,64 \u20ac<\/td>\n<td><\/td>\n<\/tr>\n<tr>\n<th scope=\"row\"><\/th>\n<td>Bono ordinario<\/td>\n<td>0,45 \u20ac<\/td>\n<td><\/td>\n<\/tr>\n<tr>\n<th scope=\"row\"><\/th>\n<td>Bono social*<\/td>\n<td>0,31 \u20ac<\/td>\n<td><\/td>\n<\/tr>\n<tr>\n<th scope=\"row\"><\/th>\n<td>Transbordo ordinario<\/td>\n<td>0,00 \u20ac<\/td>\n<td><\/td>\n<\/tr>\n<tr>\n<th scope=\"row\"><\/th>\n<td>Transbordo social*<\/td>\n<td>0,00 \u20ac<\/td>\n<td><\/td>\n<\/tr>\n<\/tbody>\n<\/table>\n<p>Os bonos e transbordos so ser\u00e1n aplicables en posesi\u00f3n da tarxeta cidad\u00e1. Consulte <strong><a href=\"https:\/\/concellodelugo.gal\/gl\/actuacions\/tarxeta-cidada\" target=\"_blank\" rel=\"noopener\">aqu\u00ed<\/a><\/strong> como tramitarla.<\/p>\n<p>* Tarifa aplicable a bonos xuven\u00eds, universitario, pensionista, desempregado e persoas con discapacidade.<\/p>\n<p>Consulte condici\u00f3ns no tel\u00e9fono 010.<\/p>","protected":false},"excerpt":{"rendered":"<p>&nbsp; Tipo Billete Prezo Billete ordinario 0,64 \u20ac Bono ordinario 0,45 \u20ac Bono social* 0,31 \u20ac Transbordo ordinario 0,00 \u20ac Transbordo social* 0,00 \u20ac Os bonos e transbordos so ser\u00e1n aplicables en posesi\u00f3n da tarxeta cidad\u00e1. Consulte aqu\u00ed como tramitarla. * Tarifa aplicable a bonos xuven\u00eds, universitario, pensionista, desempregado e persoas con discapacidade. Consulte condici\u00f3ns [&hellip;]<\/p>\n","protected":false},"author":1,"featured_media":0,"parent":0,"menu_order":0,"comment_status":"closed","ping_status":"closed","template":"","meta":{"footnotes":""},"class_list":["post-20","page","type-page","status-publish","hentry"],"_links":{"self":[{"href":"https:\/\/buslugo.com\/gl\/wp-json\/wp\/v2\/pages\/20","targetHints":{"allow":["GET"]}}],"collection":[{"href":"https:\/\/buslugo.com\/gl\/wp-json\/wp\/v2\/pages"}],"about":[{"href":"https:\/\/buslugo.com\/gl\/wp-json\/wp\/v2\/types\/page"}],"author":[{"embeddable":true,"href":"https:\/\/buslugo.com\/gl\/wp-json\/wp\/v2\/users\/1"}],"replies":[{"embeddable":true,"href":"https:\/\/buslugo.com\/gl\/wp-json\/wp\/v2\/comments?post=20"}],"version-history":[{"count":24,"href":"https:\/\/buslugo.com\/gl\/wp-json\/wp\/v2\/pages\/20\/revisions"}],"predecessor-version":[{"id":801,"href":"https:\/\/buslugo.com\/gl\/wp-json\/wp\/v2\/pages\/20\/revisions\/801"}],"wp:attachment":[{"href":"https:\/\/buslugo.com\/gl\/wp-json\/wp\/v2\/media?parent=20"}],"curies":[{"name":"wp","href":"https:\/\/api.w.org\/{rel}","templated":true}]}}