{"id":38,"date":"2021-04-08T15:34:01","date_gmt":"2021-04-08T15:34:01","guid":{"rendered":"https:\/\/buslugo.com\/?page_id=38"},"modified":"2021-05-21T08:47:44","modified_gmt":"2021-05-21T08:47:44","slug":"normativa","status":"publish","type":"page","link":"https:\/\/buslugo.com\/gl\/normativa\/","title":{"rendered":"Normas para as persoas usuarias do transporte urbano"},"content":{"rendered":"<p><\/p>\n<h4>Dereitos<\/h4>\n<ul>\n<li>A recibir un trato correcto por parte do persoal da empresa, que atender\u00e1 as petici\u00f3ns d\u00e9 axuda e informaci\u00f3n solicitada polos\/as usuarios\/as en relaci\u00f3n c\u00f3 servizo.<\/li>\n<li>A utilizar os veh\u00edculos nas condici\u00f3ns de comodidade, hixiene e seguridade, e, de ser o caso, nas debidas condici\u00f3ns de accesibilidade.<\/li>\n<li>A que lle sexa entregado\/a por parte do conductor\/a o oportuno ticket ou xustificante de pago.<\/li>\n<li>A solicitar &#8211; e obter &#8211; nas terminales establecidas o libro ou follas de reclamaci\u00f3n, nas que poder\u00e1 expor calquera queixa sobre a prestaci\u00f3n do servizo.<\/li>\n<li>A portar obxectos ou bultos de man &#8211; que deber\u00e1n ir suxeitos &#8211; sempre que non supo\u00f1an molestias e perigo para outros viaxeiros.<\/li>\n<\/ul>\n<h4>Obligaci\u00f3ns<\/h4>\n<ul>\n<li>A cantidade m\u00e1xima en billete que se acepta en transporte urbano \u00e9 de 5 euros.<\/li>\n<li>Os nenos e nenas, a partir de 4 anos (inclusive) deber\u00e1n abonar o importe do billete.<\/li>\n<li>Deberase conservar ata a final da viaxe o ticket ou tarxeta bono, que haber\u00e1 que exhibir \u00f3 persoal da empresa e do Concello que faga inspecci\u00f3ns.<\/li>\n<li>Solicitarase a parada con suficiente antelaci\u00f3n<\/li>\n<li>As persoas usuarias do servizo deber\u00e1n comportarse no interior do veh\u00edculo de forma c\u00edvica e responsable, sen ocasionar nin molestias \u00f3s dem\u00e1is ou \u00f3 condutor\/a, nin tampouco danos \u00f3 veh\u00edculo.<\/li>\n<li>Aquelas persoas que ocupasen prazas de asento, sexan normales ou adaptadas a persoas discapacitadas, deber\u00e1n cedelas en favor das persoas con mobilidade reducida.<\/li>\n<li>A sa\u00edda dol veh\u00edculo realizarase polas portas centrais ou polas traseiras.<\/li>\n<\/ul>\n<h4>Prohibici\u00f3ns<\/h4>\n<ul>\n<li>Utilizar o transporte p\u00fablico aproveit\u00e1ndose de alg\u00fan tipo de bono que, por su situaci\u00f3n, non lle corresponda, ou utilizalo sen bono ou billete, ser\u00e1 sancionado con unha multa de 60 euros.<\/li>\n<li>Fumar no interior dol veh\u00edculo.<\/li>\n<li>Distraer \u00f3 condutor\/a cuando o veh\u00edculo estea en marcha.<\/li>\n<li>Manipular ou forzar os mecanismos de apertura e peche das portas dos veh\u00edculos ou de calquera outro compartimento previsto para ser accionado.<\/li>\n<li>Facer uso, sen causa xustificada, de calquera dos mecanismos de seguridade ou socorro instalados no veh\u00edculo para casos de emerxencia.<\/li>\n<li>Emporcar, tirar obxetos, manchar, escribir, pintar e, en xeral, deteriorar os asientos ou outras zonas dos veh\u00edculos; levar sustancias explosivas, perigosas ou que desprendan mal olor, e producir calquera clase de ru\u00eddo molesto ou innecesario no interior do veh\u00edculo.<\/li>\n<li>Practicar a mendicidad dentro dos veh\u00edculos.<\/li>\n<li>Ir acompa\u00f1ado\/a dun animal, coa excepci\u00f3n de invidentes que sexan dirixidos por perros gu\u00eda.<\/li>\n<\/ul>\n<h4>Recomendaci\u00f3ns<\/h4>\n<ul>\n<li>Levar preparado o importe do billete \u00f3 entrar no veh\u00edculo.<\/li>\n<\/ul>\n<p><\/p>","protected":false},"excerpt":{"rendered":"<p>Dereitos A recibir un trato correcto por parte do persoal da empresa, que atender\u00e1 as petici\u00f3ns d\u00e9 axuda e informaci\u00f3n solicitada polos\/as usuarios\/as en relaci\u00f3n c\u00f3 servizo. A utilizar os veh\u00edculos nas condici\u00f3ns de comodidade, hixiene e seguridade, e, de ser o caso, nas debidas condici\u00f3ns de accesibilidade. A que lle sexa entregado\/a por parte [&hellip;]<\/p>\n","protected":false},"author":1,"featured_media":0,"parent":0,"menu_order":0,"comment_status":"closed","ping_status":"closed","template":"","meta":{"footnotes":""},"class_list":["post-38","page","type-page","status-publish","hentry"],"_links":{"self":[{"href":"https:\/\/buslugo.com\/gl\/wp-json\/wp\/v2\/pages\/38","targetHints":{"allow":["GET"]}}],"collection":[{"href":"https:\/\/buslugo.com\/gl\/wp-json\/wp\/v2\/pages"}],"about":[{"href":"https:\/\/buslugo.com\/gl\/wp-json\/wp\/v2\/types\/page"}],"author":[{"embeddable":true,"href":"https:\/\/buslugo.com\/gl\/wp-json\/wp\/v2\/users\/1"}],"replies":[{"embeddable":true,"href":"https:\/\/buslugo.com\/gl\/wp-json\/wp\/v2\/comments?post=38"}],"version-history":[{"count":4,"href":"https:\/\/buslugo.com\/gl\/wp-json\/wp\/v2\/pages\/38\/revisions"}],"predecessor-version":[{"id":71,"href":"https:\/\/buslugo.com\/gl\/wp-json\/wp\/v2\/pages\/38\/revisions\/71"}],"wp:attachment":[{"href":"https:\/\/buslugo.com\/gl\/wp-json\/wp\/v2\/media?parent=38"}],"curies":[{"name":"wp","href":"https:\/\/api.w.org\/{rel}","templated":true}]}}