{"id":60,"date":"2021-04-08T15:51:38","date_gmt":"2021-04-08T15:51:38","guid":{"rendered":"https:\/\/buslugo.com\/?page_id=60"},"modified":"2021-05-23T12:35:54","modified_gmt":"2021-05-23T12:35:54","slug":"contacto","status":"publish","type":"page","link":"https:\/\/buslugo.com\/gl\/contacto\/","title":{"rendered":"Contacto"},"content":{"rendered":"<p>\n<div class=\"wpcf7 no-js\" id=\"wpcf7-f97-o1\" lang=\"gl-ES\" dir=\"ltr\" data-wpcf7-id=\"97\">\n<div class=\"screen-reader-response\"><p role=\"status\" aria-live=\"polite\" aria-atomic=\"true\"><\/p> <ul><\/ul><\/div>\n<form action=\"\/gl\/wp-json\/wp\/v2\/pages\/60#wpcf7-f97-o1\" method=\"post\" class=\"wpcf7-form init\" aria-label=\"Formulario de contacto\" novalidate=\"novalidate\" data-status=\"init\">\n<fieldset class=\"hidden-fields-container\"><input type=\"hidden\" name=\"_wpcf7\" value=\"97\" \/><input type=\"hidden\" name=\"_wpcf7_version\" value=\"6.1.5\" \/><input type=\"hidden\" name=\"_wpcf7_locale\" value=\"gl_ES\" \/><input type=\"hidden\" name=\"_wpcf7_unit_tag\" value=\"wpcf7-f97-o1\" \/><input type=\"hidden\" name=\"_wpcf7_container_post\" value=\"0\" \/><input type=\"hidden\" name=\"_wpcf7_posted_data_hash\" value=\"\" \/><input type=\"hidden\" name=\"_wpcf7_recaptcha_response\" value=\"\" \/>\n<\/fieldset>\n<style>\n.wpcf7 input[type=\"text\"],\n.wpcf7 input[type=\"email\"]{\nheight: 34px;\npadding: 6px 12px;\nfont-size: 14px;\nline-height: 1.42857143;\ncolor: #555;\nbackground-color: #fff;\nbackground-image: none;\nborder: 1px solid #ccc;\nborder-radius: 4px;\nwidth: 100%;\nfont-weight: normal;\n}\n.wpcf7 textarea{\npadding: 6px 12px;\nfont-size: 14px;\ncolor: #555;\nbackground-color: #fff;\nbackground-image: none;\nborder: 1px solid #ccc;\nborder-radius: 4px;\nwidth: 100%;\nfont-weight: normal;\n}\n.wpcf7-submit{\ncolor: #fff;\nbackground: #26b99a;\nborder: 1px solid #169F85;\nborder-radius: 4px;\npadding: 6px 12px;\nfont-size: 14px;\nfont-weight: 400;\ntext-align: center;\nvertical-align: middle;\n}\n.wpcf7-submit:hover {\ncolor: #fff;\nbackground-color: #169f85;\nborder-color: #398439;\n}\n<\/style>\n<p><label style=\"width:80%;margin-left: 10%;\"> O teu nome *<br \/>\n<span class=\"wpcf7-form-control-wrap\" data-name=\"your-name\"><input size=\"40\" maxlength=\"400\" class=\"wpcf7-form-control wpcf7-text wpcf7-validates-as-required\" aria-required=\"true\" aria-invalid=\"false\" value=\"\" type=\"text\" name=\"your-name\" \/><\/span> <\/label>\n<\/p>\n<p><label style=\"width:80%;margin-left: 10%;\"> O teu correo electr\u00f3nico *<br \/>\n<span class=\"wpcf7-form-control-wrap\" data-name=\"your-email\"><input size=\"40\" maxlength=\"400\" class=\"wpcf7-form-control wpcf7-email wpcf7-validates-as-required wpcf7-text wpcf7-validates-as-email\" aria-required=\"true\" aria-invalid=\"false\" value=\"\" type=\"email\" name=\"your-email\" \/><\/span> <\/label>\n<\/p>\n<p><label style=\"width:80%;margin-left: 10%;\"> A t\u00faa mensaxe *<br \/>\n<span class=\"wpcf7-form-control-wrap\" data-name=\"your-message\"><textarea cols=\"40\" rows=\"10\" maxlength=\"2000\" class=\"wpcf7-form-control wpcf7-textarea wpcf7-validates-as-required\" aria-required=\"true\" aria-invalid=\"false\" name=\"your-message\"><\/textarea><\/span> <\/label>\n<\/p>\n<p><label style=\"width:80%;margin-left: 10%;\"> <span class=\"wpcf7-form-control-wrap\" data-name=\"checkbox-909\"><span class=\"wpcf7-form-control wpcf7-checkbox wpcf7-validates-as-required\"><span class=\"wpcf7-list-item first last\"><label><input type=\"checkbox\" name=\"checkbox-909[]\" value=\"Aceptar a nosa\" \/><span class=\"wpcf7-list-item-label\">Aceptar a nosa<\/span><\/label><\/span><\/span><\/span> <a href=\"https:\/\/buslugo.com\/politica-privacidad\">Pol\u00edtica de Privacidad<\/a><\/label>\n<\/p>\n<p><label style=\"width:80%;margin-left: 10%;font-size:10px\">En cumplimiento del Reglamento (UE) 2016\/679 de 27 de abril de 2016, relativo a la protecci\u00f3n de las personas f\u00edsicas en lo que respecta al tratamiento de datos personales y a la libre circulaci\u00f3n de estos datos, le informamos de que los datos de contacto facilitados por usted en este cuestionario pueden ser objeto de tratamiento en los t\u00e9rminos indicados en la Pol\u00edtica de privacidad publicada en nuestra web, siendo responsable JAIRO VARELA BALSA.<br \/>\nLa nueva configuraci\u00f3n de los derechos que protegen el tratamiento de sus datos, en aquellos casos en los que la base que legitima el tratamiento es el consentimiento, exige que nos CONFIRME que podemos seguir tratando sus datos, dando su consentimiento expreso y confirmando que ha le\u00eddo y entendido la pol\u00edtica de privacidad. Al marcar la casilla de aceptaci\u00f3n, est\u00e1 dando su leg\u00edtimo consentimiento para que sus datos sean tratados conforme a las finalidades de este formulario descritas en la pol\u00edtica de privacidad.<br \/>\nPodr\u00e1 ejercer sus derechos de acceso, rectificaci\u00f3n, supresi\u00f3n, oposici\u00f3n, limitaci\u00f3n del tratamiento y portabilidad de datos en la direcci\u00f3n de correo electr\u00f3nico info@apsred.com as\u00ed como el derecho a presentar una reclamaci\u00f3n ante una autoridad de control.<br \/>\n<\/label>\n<\/p>\n<div style=\"margin-left: 10%;\">\n\t<p><input class=\"wpcf7-form-control wpcf7-submit has-spinner\" type=\"submit\" value=\"Enviar\" \/>\n\t<\/p>\n<\/div><input type='hidden' class='wpcf7-pum' value='{\"closepopup\":false,\"closedelay\":0,\"openpopup\":false,\"openpopup_id\":0}' \/><div class=\"wpcf7-response-output\" aria-hidden=\"true\"><\/div>\n<\/form>\n<\/div>\n<\/p>","protected":false},"excerpt":{"rendered":"","protected":false},"author":1,"featured_media":0,"parent":0,"menu_order":0,"comment_status":"closed","ping_status":"closed","template":"","meta":{"footnotes":""},"class_list":["post-60","page","type-page","status-publish","hentry"],"_links":{"self":[{"href":"https:\/\/buslugo.com\/gl\/wp-json\/wp\/v2\/pages\/60","targetHints":{"allow":["GET"]}}],"collection":[{"href":"https:\/\/buslugo.com\/gl\/wp-json\/wp\/v2\/pages"}],"about":[{"href":"https:\/\/buslugo.com\/gl\/wp-json\/wp\/v2\/types\/page"}],"author":[{"embeddable":true,"href":"https:\/\/buslugo.com\/gl\/wp-json\/wp\/v2\/users\/1"}],"replies":[{"embeddable":true,"href":"https:\/\/buslugo.com\/gl\/wp-json\/wp\/v2\/comments?post=60"}],"version-history":[{"count":4,"href":"https:\/\/buslugo.com\/gl\/wp-json\/wp\/v2\/pages\/60\/revisions"}],"predecessor-version":[{"id":101,"href":"https:\/\/buslugo.com\/gl\/wp-json\/wp\/v2\/pages\/60\/revisions\/101"}],"wp:attachment":[{"href":"https:\/\/buslugo.com\/gl\/wp-json\/wp\/v2\/media?parent=60"}],"curies":[{"name":"wp","href":"https:\/\/api.w.org\/{rel}","templated":true}]}}